{"id":15652,"date":"2025-09-27T12:39:38","date_gmt":"2025-09-27T12:39:38","guid":{"rendered":"https:\/\/hcgym.ee\/suured-uudised-kohtla-jarvelt-hc-gym-laieneb-enneolematu-fitness-centerina\/"},"modified":"2025-09-27T12:45:08","modified_gmt":"2025-09-27T12:45:08","slug":"kohtla-jarve-hc-gym-fitness-center","status":"publish","type":"page","link":"https:\/\/hcgym.ee\/fi\/kohtla-jarve-hc-gym-fitness-center\/","title":{"rendered":"Suuria uutisia Kohtla-J\u00e4rvelt\u00e4: HC GYM laajenee ennenn\u00e4kem\u00e4tt\u00f6m\u00e4ksi Fitness Centeriksi!"},"content":{"rendered":"\n<style type=\"text\/css\" data-created_by=\"avia_inline_auto\" id=\"style-css-av-exlyg4f-e6134bc99bf2612c73bc1280f070343c\">\n.avia-section.av-exlyg4f-e6134bc99bf2612c73bc1280f070343c{\nbackground-color:#000000;\nbackground-image:unset;\n}\n<\/style>\n<div id='av_section_1'  class='avia-section av-exlyg4f-e6134bc99bf2612c73bc1280f070343c main_color avia-section-default avia-no-border-styling  avia-builder-el-0  avia-builder-el-no-sibling  avia-bg-style-scroll container_wrap fullsize'  ><div class='container av-section-cont-open' ><main  role=\"main\" itemprop=\"mainContentOfPage\"  class='template-page content  av-content-full alpha units'><div class='post-entry post-entry-type-page post-entry-15652'><div class='entry-content-wrapper clearfix'>\n\n<style type=\"text\/css\" data-created_by=\"avia_inline_auto\" id=\"style-css-av-ecjmmwv-451a5e89077ac09aec4a316781e77f1f\">\n.flex_column.av-ecjmmwv-451a5e89077ac09aec4a316781e77f1f{\npadding:50px 0 33px 0;\n}\n<\/style>\n<div  class='flex_column av-ecjmmwv-451a5e89077ac09aec4a316781e77f1f av_two_third  avia-builder-el-1  el_before_av_one_third  avia-builder-el-first  first flex_column_div  '     ><section  class='av_textblock_section av-mg29b3i0-d37807d10d8a8610347a027953e3d18f '   itemscope=\"itemscope\" itemtype=\"https:\/\/schema.org\/CreativeWork\" ><div class='avia_textblock'  itemprop=\"text\" ><h2 style=\"font-size: 35px;\">Suuria uutisia Kohtla-J\u00e4rvelt\u00e4: HC GYM laajenee ennenn\u00e4kem\u00e4tt\u00f6m\u00e4ksi Fitness Centeriksi!<\/h2>\n<p>Kohtla-J\u00e4rvell\u00e4 tapahtuu toukokuussa jotain ainutlaatuista ja j\u00e4nnitt\u00e4v\u00e4\u00e4 \u2013 nykyinen HC GYM -kuntosali laajenee t\u00e4ysin uudenlaiseksi ja huippumoderniksi fitness-keskukseksi! Kiitos Euroopan unionin Oikeudenmukaisen siirtym\u00e4n rahaston tuen sek\u00e4 EAS:n avustuksen, Kohtla-J\u00e4rven HC GYMist\u00e4 tulee nykyaikainen yhteis\u00f6keskus, josta jokainen l\u00f6yt\u00e4\u00e4 itselleen sopivan aktiviteetin.<\/p>\n<h4>Uusia treenimahdollisuuksia ja nykyaikaiset v\u00e4lineet<\/h4>\n<p>Uuteen HC GYM Fitness Centeriin tulee per\u00e4ti 700 m\u00b2 treenitilaa, ja kaikki kuntosalilaitteet sek\u00e4 kardiolaitteet uusitaan kokonaan. Uutuutena paljastamme, ett\u00e4 uuteen keskukseen saapuu jopa 40 erilaista premium-tason kardiolaitetta, jotka tarjoavat monipuolisuutta ja laatua jokaiselle kuntoilijalle.<\/p>\n<p>Perinteisten kuntosali- ja ryhm\u00e4tuntien lis\u00e4ksi Fitness Centeriss\u00e4 on tarjolla nykyaikaisia hierontalaitteita, jotka rentouttavat lihaksia ja ovat tehokkaita jopa selluliittia vastaan.<\/p>\n<h4>Ilmaisia treenej\u00e4 lapsille<\/h4>\n<p>Erityist\u00e4 huomiota saavat my\u00f6s alueen lastenkotien lapset, joille HC GYM Fitness Center tarjoaa joka sunnuntai ilmaisen treenin ja pieni\u00e4 v\u00e4lipaloja. Uskomme, ett\u00e4 liikunnan tulee olla kaikkien ulottuvilla ja iloa tuottavaa!<\/p>\n<h4>Esteett\u00f6myys huomioitu<\/h4>\n<p>Lis\u00e4ksi kaikki pukuhuoneet uudistetaan, ja miehille sek\u00e4 naisille rakennetaan erilliset inva-wc:t suihkutiloineen. Uuden keskuksen sis\u00e4\u00e4nk\u00e4ynti on tietysti my\u00f6s py\u00f6r\u00e4tuoliyst\u00e4v\u00e4llinen, kuten kaikissa muissakin HC GYM -klubeissa ymp\u00e4ri Viroa.<\/p>\n<p>HC PRO AS ja koko tiimi, k\u00e4rjess\u00e4\u00a0<span class=\"il\">Timo<\/span>\u00a0ja Veronika Majuri, kiitt\u00e4\u00e4 l\u00e4mpim\u00e4sti Euroopan unionin Oikeudenmukaisen siirtym\u00e4n rahastoa ja Viron yrityskehityss\u00e4\u00e4ti\u00f6t\u00e4 (EAS) merkitt\u00e4v\u00e4st\u00e4 tuesta. T\u00e4m\u00e4n ansiosta Kohtla-J\u00e4rven yhteis\u00f6 p\u00e4\u00e4see pian nauttimaan modernista, viihtyis\u00e4st\u00e4 ja monipuolisesta kuntokeskuksesta.<\/p>\n<p>Odotamme innolla teit\u00e4 kaikkia uuden HC GYM Fitness Centerin avajaisiin toukokuussa!<\/p>\n<\/div><\/section><\/div>\n<style type=\"text\/css\" data-created_by=\"avia_inline_auto\" id=\"style-css-av-e601eu7-3d388fb862f9b9b3ee99d9245ca7bbb0\">\n.flex_column.av-e601eu7-3d388fb862f9b9b3ee99d9245ca7bbb0{\npadding:100px 0 100px 0;\n}\n\n@media only screen and (min-width: 480px) and (max-width: 767px){ \n.flex_column.av-e601eu7-3d388fb862f9b9b3ee99d9245ca7bbb0{\npadding:25px 0 25px 0;\n}\n}\n\n@media only screen and (max-width: 479px){ \n.flex_column.av-e601eu7-3d388fb862f9b9b3ee99d9245ca7bbb0{\npadding:25px 0 25px 0;\n}\n}\n<\/style>\n<div  class='flex_column av-e601eu7-3d388fb862f9b9b3ee99d9245ca7bbb0 av_one_third  avia-builder-el-3  el_after_av_two_third  avia-builder-el-last  flex_column_div avia-link-column av-column-link  '    data-link-column-url=\"https:\/\/hcgym.ee\/fondi\/\"   ><a class=\"av-screen-reader-only\" href=https:\/\/hcgym.ee\/fondi\/ >Follow a manual added link<\/a><style type=\"text\/css\" data-created_by=\"avia_inline_auto\" id=\"style-css-av-dl5ot4v-2ed62b5de419c031f5fb00a5e3e384e3\">\n.avia-image-container.av-dl5ot4v-2ed62b5de419c031f5fb00a5e3e384e3 img.avia_image{\nbox-shadow:none;\n}\n.avia-image-container.av-dl5ot4v-2ed62b5de419c031f5fb00a5e3e384e3 .av-image-caption-overlay-center{\ncolor:#ffffff;\n}\n<\/style>\n<div  class='avia-image-container av-dl5ot4v-2ed62b5de419c031f5fb00a5e3e384e3 av-styling- avia-align-center  avia-builder-el-4  avia-builder-el-no-sibling '   itemprop=\"image\" itemscope=\"itemscope\" itemtype=\"https:\/\/schema.org\/ImageObject\" ><div class=\"avia-image-container-inner\"><div class=\"avia-image-overlay-wrap\"><img decoding=\"async\" fetchpriority=\"high\" class='wp-image-14074 avia-img-lazy-loading-not-14074 avia_image ' src=\"https:\/\/hcgym.ee\/wp-content\/uploads\/2025\/03\/ELEE.png\" alt='' title='ELEE'  height=\"757\" width=\"575\"  itemprop=\"thumbnailUrl\" srcset=\"https:\/\/hcgym.ee\/wp-content\/uploads\/2025\/03\/ELEE.png 575w, https:\/\/hcgym.ee\/wp-content\/uploads\/2025\/03\/ELEE-228x300.png 228w, https:\/\/hcgym.ee\/wp-content\/uploads\/2025\/03\/ELEE-536x705.png 536w\" sizes=\"(max-width: 575px) 100vw, 575px\" \/><\/div><\/div><\/div><\/div>\n","protected":false},"excerpt":{"rendered":"","protected":false},"author":1,"featured_media":0,"parent":0,"menu_order":0,"comment_status":"closed","ping_status":"closed","template":"","meta":{"footnotes":""},"class_list":["post-15652","page","type-page","status-publish","hentry"],"yoast_head":"<!-- This site is optimized with the Yoast SEO plugin v26.8 - https:\/\/yoast.com\/product\/yoast-seo-wordpress\/ -->\n<title>Suured uudised Kohtla-J\u00e4rvelt: HC GYM Fitness Center<\/title>\n<meta name=\"description\" content=\"Kohtla-J\u00e4rvel toimub midagi erakordset ja p\u00f5nevat juba maikuus \u2013 praegune HC GYM j\u00f5usaal laieneb ning muutub t\u00e4iesti uueks ja senin\u00e4gematuks fitness-keskuseks!\" \/>\n<meta name=\"robots\" content=\"index, follow, max-snippet:-1, max-image-preview:large, max-video-preview:-1\" \/>\n<link rel=\"canonical\" href=\"https:\/\/hcgym.ee\/fi\/kohtla-jarve-hc-gym-fitness-center\/\" \/>\n<meta property=\"og:locale\" content=\"fi_FI\" \/>\n<meta property=\"og:type\" content=\"article\" \/>\n<meta property=\"og:title\" content=\"Suured uudised Kohtla-J\u00e4rvelt: HC GYM Fitness Center\" \/>\n<meta property=\"og:description\" content=\"Kohtla-J\u00e4rvel toimub midagi erakordset ja p\u00f5nevat juba maikuus \u2013 praegune HC GYM j\u00f5usaal laieneb ning muutub t\u00e4iesti uueks ja senin\u00e4gematuks fitness-keskuseks!\" \/>\n<meta property=\"og:url\" content=\"https:\/\/hcgym.ee\/fi\/kohtla-jarve-hc-gym-fitness-center\/\" \/>\n<meta property=\"og:site_name\" content=\"HC GYM\" \/>\n<meta property=\"article:modified_time\" content=\"2025-09-27T12:45:08+00:00\" \/>\n<meta name=\"twitter:card\" content=\"summary_large_image\" \/>\n<meta name=\"twitter:label1\" content=\"Arvioitu lukuaika\" \/>\n\t<meta name=\"twitter:data1\" content=\"2 minuuttia\" \/>\n<script type=\"application\/ld+json\" class=\"yoast-schema-graph\">{\"@context\":\"https:\/\/schema.org\",\"@graph\":[{\"@type\":\"WebPage\",\"@id\":\"https:\/\/hcgym.ee\/fi\/kohtla-jarve-hc-gym-fitness-center\/\",\"url\":\"https:\/\/hcgym.ee\/fi\/kohtla-jarve-hc-gym-fitness-center\/\",\"name\":\"Suured uudised Kohtla-J\u00e4rvelt: HC GYM Fitness Center\",\"isPartOf\":{\"@id\":\"https:\/\/hcgym.ee\/fi\/#website\"},\"datePublished\":\"2025-09-27T12:39:38+00:00\",\"dateModified\":\"2025-09-27T12:45:08+00:00\",\"description\":\"Kohtla-J\u00e4rvel toimub midagi erakordset ja p\u00f5nevat juba maikuus \u2013 praegune HC GYM j\u00f5usaal laieneb ning muutub t\u00e4iesti uueks ja senin\u00e4gematuks fitness-keskuseks!\",\"breadcrumb\":{\"@id\":\"https:\/\/hcgym.ee\/fi\/kohtla-jarve-hc-gym-fitness-center\/#breadcrumb\"},\"inLanguage\":\"fi\",\"potentialAction\":[{\"@type\":\"ReadAction\",\"target\":[\"https:\/\/hcgym.ee\/fi\/kohtla-jarve-hc-gym-fitness-center\/\"]}]},{\"@type\":\"BreadcrumbList\",\"@id\":\"https:\/\/hcgym.ee\/fi\/kohtla-jarve-hc-gym-fitness-center\/#breadcrumb\",\"itemListElement\":[{\"@type\":\"ListItem\",\"position\":1,\"name\":\"Home\",\"item\":\"https:\/\/hcgym.ee\/fi\/etusivu\/\"},{\"@type\":\"ListItem\",\"position\":2,\"name\":\"Suuria uutisia Kohtla-J\u00e4rvelt\u00e4: HC GYM laajenee ennenn\u00e4kem\u00e4tt\u00f6m\u00e4ksi Fitness Centeriksi!\"}]},{\"@type\":\"WebSite\",\"@id\":\"https:\/\/hcgym.ee\/fi\/#website\",\"url\":\"https:\/\/hcgym.ee\/fi\/\",\"name\":\"HC GYM\",\"description\":\"Spordisaal \/ J&otilde;usaal\",\"publisher\":{\"@id\":\"https:\/\/hcgym.ee\/fi\/#organization\"},\"potentialAction\":[{\"@type\":\"SearchAction\",\"target\":{\"@type\":\"EntryPoint\",\"urlTemplate\":\"https:\/\/hcgym.ee\/fi\/?s={search_term_string}\"},\"query-input\":{\"@type\":\"PropertyValueSpecification\",\"valueRequired\":true,\"valueName\":\"search_term_string\"}}],\"inLanguage\":\"fi\"},{\"@type\":\"Organization\",\"@id\":\"https:\/\/hcgym.ee\/fi\/#organization\",\"name\":\"HC GYM\",\"url\":\"https:\/\/hcgym.ee\/fi\/\",\"logo\":{\"@type\":\"ImageObject\",\"inLanguage\":\"fi\",\"@id\":\"https:\/\/hcgym.ee\/fi\/#\/schema\/logo\/image\/\",\"url\":\"https:\/\/hcgym.ee\/wp-content\/uploads\/2022\/01\/hc-gym-final-facebook.jpg\",\"contentUrl\":\"https:\/\/hcgym.ee\/wp-content\/uploads\/2022\/01\/hc-gym-final-facebook.jpg\",\"width\":1366,\"height\":768,\"caption\":\"HC GYM\"},\"image\":{\"@id\":\"https:\/\/hcgym.ee\/fi\/#\/schema\/logo\/image\/\"}}]}<\/script>\n<!-- \/ Yoast SEO plugin. -->","yoast_head_json":{"title":"Suured uudised Kohtla-J\u00e4rvelt: HC GYM Fitness Center","description":"Kohtla-J\u00e4rvel toimub midagi erakordset ja p\u00f5nevat juba maikuus \u2013 praegune HC GYM j\u00f5usaal laieneb ning muutub t\u00e4iesti uueks ja senin\u00e4gematuks fitness-keskuseks!","robots":{"index":"index","follow":"follow","max-snippet":"max-snippet:-1","max-image-preview":"max-image-preview:large","max-video-preview":"max-video-preview:-1"},"canonical":"https:\/\/hcgym.ee\/fi\/kohtla-jarve-hc-gym-fitness-center\/","og_locale":"fi_FI","og_type":"article","og_title":"Suured uudised Kohtla-J\u00e4rvelt: HC GYM Fitness Center","og_description":"Kohtla-J\u00e4rvel toimub midagi erakordset ja p\u00f5nevat juba maikuus \u2013 praegune HC GYM j\u00f5usaal laieneb ning muutub t\u00e4iesti uueks ja senin\u00e4gematuks fitness-keskuseks!","og_url":"https:\/\/hcgym.ee\/fi\/kohtla-jarve-hc-gym-fitness-center\/","og_site_name":"HC GYM","article_modified_time":"2025-09-27T12:45:08+00:00","twitter_card":"summary_large_image","twitter_misc":{"Arvioitu lukuaika":"2 minuuttia"},"schema":{"@context":"https:\/\/schema.org","@graph":[{"@type":"WebPage","@id":"https:\/\/hcgym.ee\/fi\/kohtla-jarve-hc-gym-fitness-center\/","url":"https:\/\/hcgym.ee\/fi\/kohtla-jarve-hc-gym-fitness-center\/","name":"Suured uudised Kohtla-J\u00e4rvelt: HC GYM Fitness Center","isPartOf":{"@id":"https:\/\/hcgym.ee\/fi\/#website"},"datePublished":"2025-09-27T12:39:38+00:00","dateModified":"2025-09-27T12:45:08+00:00","description":"Kohtla-J\u00e4rvel toimub midagi erakordset ja p\u00f5nevat juba maikuus \u2013 praegune HC GYM j\u00f5usaal laieneb ning muutub t\u00e4iesti uueks ja senin\u00e4gematuks fitness-keskuseks!","breadcrumb":{"@id":"https:\/\/hcgym.ee\/fi\/kohtla-jarve-hc-gym-fitness-center\/#breadcrumb"},"inLanguage":"fi","potentialAction":[{"@type":"ReadAction","target":["https:\/\/hcgym.ee\/fi\/kohtla-jarve-hc-gym-fitness-center\/"]}]},{"@type":"BreadcrumbList","@id":"https:\/\/hcgym.ee\/fi\/kohtla-jarve-hc-gym-fitness-center\/#breadcrumb","itemListElement":[{"@type":"ListItem","position":1,"name":"Home","item":"https:\/\/hcgym.ee\/fi\/etusivu\/"},{"@type":"ListItem","position":2,"name":"Suuria uutisia Kohtla-J\u00e4rvelt\u00e4: HC GYM laajenee ennenn\u00e4kem\u00e4tt\u00f6m\u00e4ksi Fitness Centeriksi!"}]},{"@type":"WebSite","@id":"https:\/\/hcgym.ee\/fi\/#website","url":"https:\/\/hcgym.ee\/fi\/","name":"HC GYM","description":"Spordisaal \/ J&otilde;usaal","publisher":{"@id":"https:\/\/hcgym.ee\/fi\/#organization"},"potentialAction":[{"@type":"SearchAction","target":{"@type":"EntryPoint","urlTemplate":"https:\/\/hcgym.ee\/fi\/?s={search_term_string}"},"query-input":{"@type":"PropertyValueSpecification","valueRequired":true,"valueName":"search_term_string"}}],"inLanguage":"fi"},{"@type":"Organization","@id":"https:\/\/hcgym.ee\/fi\/#organization","name":"HC GYM","url":"https:\/\/hcgym.ee\/fi\/","logo":{"@type":"ImageObject","inLanguage":"fi","@id":"https:\/\/hcgym.ee\/fi\/#\/schema\/logo\/image\/","url":"https:\/\/hcgym.ee\/wp-content\/uploads\/2022\/01\/hc-gym-final-facebook.jpg","contentUrl":"https:\/\/hcgym.ee\/wp-content\/uploads\/2022\/01\/hc-gym-final-facebook.jpg","width":1366,"height":768,"caption":"HC GYM"},"image":{"@id":"https:\/\/hcgym.ee\/fi\/#\/schema\/logo\/image\/"}}]}},"_links":{"self":[{"href":"https:\/\/hcgym.ee\/fi\/wp-json\/wp\/v2\/pages\/15652","targetHints":{"allow":["GET"]}}],"collection":[{"href":"https:\/\/hcgym.ee\/fi\/wp-json\/wp\/v2\/pages"}],"about":[{"href":"https:\/\/hcgym.ee\/fi\/wp-json\/wp\/v2\/types\/page"}],"author":[{"embeddable":true,"href":"https:\/\/hcgym.ee\/fi\/wp-json\/wp\/v2\/users\/1"}],"replies":[{"embeddable":true,"href":"https:\/\/hcgym.ee\/fi\/wp-json\/wp\/v2\/comments?post=15652"}],"version-history":[{"count":5,"href":"https:\/\/hcgym.ee\/fi\/wp-json\/wp\/v2\/pages\/15652\/revisions"}],"predecessor-version":[{"id":15675,"href":"https:\/\/hcgym.ee\/fi\/wp-json\/wp\/v2\/pages\/15652\/revisions\/15675"}],"wp:attachment":[{"href":"https:\/\/hcgym.ee\/fi\/wp-json\/wp\/v2\/media?parent=15652"}],"curies":[{"name":"wp","href":"https:\/\/api.w.org\/{rel}","templated":true}]}}