{"id":13602,"date":"2025-01-11T14:29:24","date_gmt":"2025-01-11T14:29:24","guid":{"rendered":"https:\/\/hcgym.ee\/fondi\/"},"modified":"2025-03-24T12:43:17","modified_gmt":"2025-03-24T12:43:17","slug":"fondi","status":"publish","type":"page","link":"https:\/\/hcgym.ee\/fi\/fondi\/","title":{"rendered":"Fondi"},"content":{"rendered":"\n<style type=\"text\/css\" data-created_by=\"avia_inline_auto\" id=\"style-css-av-m5sa82jk-1445cb45fa8e24df870bf06ccdf48f3a\">\n.flex_column.av-m5sa82jk-1445cb45fa8e24df870bf06ccdf48f3a{\npadding:100px 0 100px 0;\n}\n<\/style>\n<div  class='flex_column av-m5sa82jk-1445cb45fa8e24df870bf06ccdf48f3a av_two_third  avia-builder-el-0  el_before_av_one_third  avia-builder-el-first  first flex_column_div  '     ><style type=\"text\/css\" data-created_by=\"avia_inline_auto\" id=\"style-css-av-m5sa7m9r-5f0e27a7abc9b2ce22054769317eaffb\">\n#top .av_textblock_section.av-m5sa7m9r-5f0e27a7abc9b2ce22054769317eaffb .avia_textblock{\nfont-size:20px;\n}\n<\/style>\n<section  class='av_textblock_section av-m5sa7m9r-5f0e27a7abc9b2ce22054769317eaffb '   itemscope=\"itemscope\" itemtype=\"https:\/\/schema.org\/CreativeWork\" ><div class='avia_textblock'  itemprop=\"text\" ><p>HC PRO AS projekt: \u201e\u00d5iglase \u00fclemineku fondi toetusega Kohtla-J\u00e4rvele fitness keskuse loomine\u201c<\/p>\n<p>K\u00e4esoleva projekti raames rajatakse Kohtla-J\u00e4rvele kaasaegne fitnesskeskus, mis pakub piirkonna elanikele v\u00f5imalusi aktiivseks vaba aja veetmiseks ja tervislikuks eluviisiks. Projektiga luuakse uusi t\u00f6\u00f6kohti ning algatatakse igan\u00e4dalased tasuta treeningud lastekodulastele, mida saadavad kerged suupisted.<\/p>\n<p>Fitness Keskusest saab kogukonna kohtumispaik, kus edendatakse tervislikke eluviise ja \u00fchtekuuluvustunnet. Projekti raames kaasajastatakse hooneid, et v\u00e4hendada energiakulusid ning lisatakse meeste ja naiste jaoks eraldi invatualetid ja ratastoolis\u00f5bralikud pesemisv\u00f5imalused.<\/p>\n<p>HC PRO AS eesm\u00e4rk on pakkuda kvaliteetseid treeningv\u00f5imalusi k\u00f5igile ning luua ruumid, mis on ligip\u00e4\u00e4setavad ja mugavad k\u00f5igile k\u00fclastajatele. Fitnesskeskus avatakse juba sellel kevadel.<\/p>\n<div>Toetuse summa 369 830,79 eur.<\/div>\n<\/div><\/section><\/div>\n\n<style type=\"text\/css\" data-created_by=\"avia_inline_auto\" id=\"style-css-av-m5sa8d9g-7306772d22f66130e2473003a37dd494\">\n.flex_column.av-m5sa8d9g-7306772d22f66130e2473003a37dd494{\npadding:100px 0 100px 0;\n}\n<\/style>\n<div  class='flex_column av-m5sa8d9g-7306772d22f66130e2473003a37dd494 av_one_third  avia-builder-el-2  el_after_av_two_third  avia-builder-el-last  flex_column_div  '     ><style type=\"text\/css\" data-created_by=\"avia_inline_auto\" id=\"style-css-av-m5sa7gof-a9bcdce5f86ae9ed7d071b5c812857f3\">\n.avia-image-container.av-m5sa7gof-a9bcdce5f86ae9ed7d071b5c812857f3 img.avia_image{\nbox-shadow:none;\n}\n.avia-image-container.av-m5sa7gof-a9bcdce5f86ae9ed7d071b5c812857f3 .av-image-caption-overlay-center{\ncolor:#ffffff;\n}\n<\/style>\n<div  class='avia-image-container av-m5sa7gof-a9bcdce5f86ae9ed7d071b5c812857f3 av-styling- avia-align-center  avia-builder-el-3  avia-builder-el-no-sibling '   itemprop=\"image\" itemscope=\"itemscope\" itemtype=\"https:\/\/schema.org\/ImageObject\" ><div class=\"avia-image-container-inner\"><div class=\"avia-image-overlay-wrap\"><img decoding=\"async\" fetchpriority=\"high\" class='wp-image-14074 avia-img-lazy-loading-not-14074 avia_image ' src=\"https:\/\/hcgym.ee\/wp-content\/uploads\/2025\/03\/ELEE.png\" alt='' title='ELEE'  height=\"757\" width=\"575\"  itemprop=\"thumbnailUrl\" srcset=\"https:\/\/hcgym.ee\/wp-content\/uploads\/2025\/03\/ELEE.png 575w, https:\/\/hcgym.ee\/wp-content\/uploads\/2025\/03\/ELEE-228x300.png 228w, https:\/\/hcgym.ee\/wp-content\/uploads\/2025\/03\/ELEE-536x705.png 536w\" sizes=\"(max-width: 575px) 100vw, 575px\" \/><\/div><\/div><\/div><\/div>\n","protected":false},"excerpt":{"rendered":"","protected":false},"author":1,"featured_media":0,"parent":0,"menu_order":0,"comment_status":"closed","ping_status":"closed","template":"","meta":{"footnotes":""},"class_list":["post-13602","page","type-page","status-publish","hentry"],"yoast_head":"<!-- This site is optimized with the Yoast SEO plugin v26.8 - https:\/\/yoast.com\/product\/yoast-seo-wordpress\/ -->\n<title>Fondi | HC GYM<\/title>\n<meta name=\"robots\" content=\"index, follow, max-snippet:-1, max-image-preview:large, max-video-preview:-1\" \/>\n<link rel=\"canonical\" href=\"https:\/\/hcgym.ee\/fi\/fondi\/\" \/>\n<meta property=\"og:locale\" content=\"fi_FI\" \/>\n<meta property=\"og:type\" content=\"article\" \/>\n<meta property=\"og:title\" content=\"Fondi | HC GYM\" \/>\n<meta property=\"og:url\" content=\"https:\/\/hcgym.ee\/fi\/fondi\/\" \/>\n<meta property=\"og:site_name\" content=\"HC GYM\" \/>\n<meta property=\"article:modified_time\" content=\"2025-03-24T12:43:17+00:00\" \/>\n<meta name=\"twitter:card\" content=\"summary_large_image\" \/>\n<meta name=\"twitter:label1\" content=\"Arvioitu lukuaika\" \/>\n\t<meta name=\"twitter:data1\" content=\"7 minuuttia\" \/>\n<script type=\"application\/ld+json\" class=\"yoast-schema-graph\">{\"@context\":\"https:\/\/schema.org\",\"@graph\":[{\"@type\":\"WebPage\",\"@id\":\"https:\/\/hcgym.ee\/fi\/fondi\/\",\"url\":\"https:\/\/hcgym.ee\/fi\/fondi\/\",\"name\":\"Fondi | HC GYM\",\"isPartOf\":{\"@id\":\"https:\/\/hcgym.ee\/fi\/#website\"},\"datePublished\":\"2025-01-11T14:29:24+00:00\",\"dateModified\":\"2025-03-24T12:43:17+00:00\",\"breadcrumb\":{\"@id\":\"https:\/\/hcgym.ee\/fi\/fondi\/#breadcrumb\"},\"inLanguage\":\"fi\",\"potentialAction\":[{\"@type\":\"ReadAction\",\"target\":[\"https:\/\/hcgym.ee\/fi\/fondi\/\"]}]},{\"@type\":\"BreadcrumbList\",\"@id\":\"https:\/\/hcgym.ee\/fi\/fondi\/#breadcrumb\",\"itemListElement\":[{\"@type\":\"ListItem\",\"position\":1,\"name\":\"Home\",\"item\":\"https:\/\/hcgym.ee\/fi\/etusivu\/\"},{\"@type\":\"ListItem\",\"position\":2,\"name\":\"Fondi\"}]},{\"@type\":\"WebSite\",\"@id\":\"https:\/\/hcgym.ee\/fi\/#website\",\"url\":\"https:\/\/hcgym.ee\/fi\/\",\"name\":\"HC GYM\",\"description\":\"Spordisaal \/ J&otilde;usaal\",\"publisher\":{\"@id\":\"https:\/\/hcgym.ee\/fi\/#organization\"},\"potentialAction\":[{\"@type\":\"SearchAction\",\"target\":{\"@type\":\"EntryPoint\",\"urlTemplate\":\"https:\/\/hcgym.ee\/fi\/?s={search_term_string}\"},\"query-input\":{\"@type\":\"PropertyValueSpecification\",\"valueRequired\":true,\"valueName\":\"search_term_string\"}}],\"inLanguage\":\"fi\"},{\"@type\":\"Organization\",\"@id\":\"https:\/\/hcgym.ee\/fi\/#organization\",\"name\":\"HC GYM\",\"url\":\"https:\/\/hcgym.ee\/fi\/\",\"logo\":{\"@type\":\"ImageObject\",\"inLanguage\":\"fi\",\"@id\":\"https:\/\/hcgym.ee\/fi\/#\/schema\/logo\/image\/\",\"url\":\"https:\/\/hcgym.ee\/wp-content\/uploads\/2022\/01\/hc-gym-final-facebook.jpg\",\"contentUrl\":\"https:\/\/hcgym.ee\/wp-content\/uploads\/2022\/01\/hc-gym-final-facebook.jpg\",\"width\":1366,\"height\":768,\"caption\":\"HC GYM\"},\"image\":{\"@id\":\"https:\/\/hcgym.ee\/fi\/#\/schema\/logo\/image\/\"}}]}<\/script>\n<!-- \/ Yoast SEO plugin. -->","yoast_head_json":{"title":"Fondi | HC GYM","robots":{"index":"index","follow":"follow","max-snippet":"max-snippet:-1","max-image-preview":"max-image-preview:large","max-video-preview":"max-video-preview:-1"},"canonical":"https:\/\/hcgym.ee\/fi\/fondi\/","og_locale":"fi_FI","og_type":"article","og_title":"Fondi | HC GYM","og_url":"https:\/\/hcgym.ee\/fi\/fondi\/","og_site_name":"HC GYM","article_modified_time":"2025-03-24T12:43:17+00:00","twitter_card":"summary_large_image","twitter_misc":{"Arvioitu lukuaika":"7 minuuttia"},"schema":{"@context":"https:\/\/schema.org","@graph":[{"@type":"WebPage","@id":"https:\/\/hcgym.ee\/fi\/fondi\/","url":"https:\/\/hcgym.ee\/fi\/fondi\/","name":"Fondi | HC GYM","isPartOf":{"@id":"https:\/\/hcgym.ee\/fi\/#website"},"datePublished":"2025-01-11T14:29:24+00:00","dateModified":"2025-03-24T12:43:17+00:00","breadcrumb":{"@id":"https:\/\/hcgym.ee\/fi\/fondi\/#breadcrumb"},"inLanguage":"fi","potentialAction":[{"@type":"ReadAction","target":["https:\/\/hcgym.ee\/fi\/fondi\/"]}]},{"@type":"BreadcrumbList","@id":"https:\/\/hcgym.ee\/fi\/fondi\/#breadcrumb","itemListElement":[{"@type":"ListItem","position":1,"name":"Home","item":"https:\/\/hcgym.ee\/fi\/etusivu\/"},{"@type":"ListItem","position":2,"name":"Fondi"}]},{"@type":"WebSite","@id":"https:\/\/hcgym.ee\/fi\/#website","url":"https:\/\/hcgym.ee\/fi\/","name":"HC GYM","description":"Spordisaal \/ J&otilde;usaal","publisher":{"@id":"https:\/\/hcgym.ee\/fi\/#organization"},"potentialAction":[{"@type":"SearchAction","target":{"@type":"EntryPoint","urlTemplate":"https:\/\/hcgym.ee\/fi\/?s={search_term_string}"},"query-input":{"@type":"PropertyValueSpecification","valueRequired":true,"valueName":"search_term_string"}}],"inLanguage":"fi"},{"@type":"Organization","@id":"https:\/\/hcgym.ee\/fi\/#organization","name":"HC GYM","url":"https:\/\/hcgym.ee\/fi\/","logo":{"@type":"ImageObject","inLanguage":"fi","@id":"https:\/\/hcgym.ee\/fi\/#\/schema\/logo\/image\/","url":"https:\/\/hcgym.ee\/wp-content\/uploads\/2022\/01\/hc-gym-final-facebook.jpg","contentUrl":"https:\/\/hcgym.ee\/wp-content\/uploads\/2022\/01\/hc-gym-final-facebook.jpg","width":1366,"height":768,"caption":"HC GYM"},"image":{"@id":"https:\/\/hcgym.ee\/fi\/#\/schema\/logo\/image\/"}}]}},"_links":{"self":[{"href":"https:\/\/hcgym.ee\/fi\/wp-json\/wp\/v2\/pages\/13602","targetHints":{"allow":["GET"]}}],"collection":[{"href":"https:\/\/hcgym.ee\/fi\/wp-json\/wp\/v2\/pages"}],"about":[{"href":"https:\/\/hcgym.ee\/fi\/wp-json\/wp\/v2\/types\/page"}],"author":[{"embeddable":true,"href":"https:\/\/hcgym.ee\/fi\/wp-json\/wp\/v2\/users\/1"}],"replies":[{"embeddable":true,"href":"https:\/\/hcgym.ee\/fi\/wp-json\/wp\/v2\/comments?post=13602"}],"version-history":[{"count":3,"href":"https:\/\/hcgym.ee\/fi\/wp-json\/wp\/v2\/pages\/13602\/revisions"}],"predecessor-version":[{"id":14107,"href":"https:\/\/hcgym.ee\/fi\/wp-json\/wp\/v2\/pages\/13602\/revisions\/14107"}],"wp:attachment":[{"href":"https:\/\/hcgym.ee\/fi\/wp-json\/wp\/v2\/media?parent=13602"}],"curies":[{"name":"wp","href":"https:\/\/api.w.org\/{rel}","templated":true}]}}