{"id":11809,"date":"2024-02-10T10:57:50","date_gmt":"2024-02-10T10:57:50","guid":{"rendered":"https:\/\/hcgym.ee\/?page_id=11809"},"modified":"2024-02-10T11:17:04","modified_gmt":"2024-02-10T11:17:04","slug":"kuntosali-kotiin-taloyhtioon-toimistoon","status":"publish","type":"page","link":"https:\/\/hcgym.ee\/fi\/kuntosali-kotiin-taloyhtioon-toimistoon\/","title":{"rendered":"HC PRO: Unelmiesi Kuntosali Kotiin, Taloyhti\u00f6\u00f6n tai Toimistoon"},"content":{"rendered":"\n<style type=\"text\/css\" data-created_by=\"avia_inline_auto\" id=\"style-css-av-4il8zkx-9ffbf1e8ab98cad18edf5d5e00109643\">\n.avia-section.av-4il8zkx-9ffbf1e8ab98cad18edf5d5e00109643{\nbackground-repeat:no-repeat;\nbackground-image:url(https:\/\/hcgym.ee\/wp-content\/uploads\/2021\/12\/Optimized-337A9786-min-1200x430.jpg);\nbackground-position:50% 50%;\nbackground-attachment:scroll;\n}\n.avia-section.av-4il8zkx-9ffbf1e8ab98cad18edf5d5e00109643 .av-section-color-overlay{\nopacity:0.5;\nbackground-color:#000000;\n}\n<\/style>\n<div id='av_section_1'  class='avia-section av-4il8zkx-9ffbf1e8ab98cad18edf5d5e00109643 main_color avia-section-default avia-no-border-styling  avia-builder-el-0  el_before_av_section  avia-builder-el-first  avia-full-stretch avia-bg-style-scroll av-section-color-overlay-active av-minimum-height av-minimum-height-25 av-height-25  container_wrap fullsize'  data-section-bg-repeat='stretch' data-av_minimum_height_pc='25' data-av_min_height_opt='25'><div class=\"av-section-color-overlay-wrap\"><div class=\"av-section-color-overlay\"><\/div><div class='container av-section-cont-open' ><main  role=\"main\" itemprop=\"mainContentOfPage\"  class='template-page content  av-content-full alpha units'><div class='post-entry post-entry-type-page post-entry-11809'><div class='entry-content-wrapper clearfix'>\n\n<style type=\"text\/css\" data-created_by=\"avia_inline_auto\" id=\"style-css-av-lsfyhbzh-fcc8cbf7752385a9208b9c07dda375f0\">\n#top .av-special-heading.av-lsfyhbzh-fcc8cbf7752385a9208b9c07dda375f0{\npadding-bottom:10px;\n}\nbody .av-special-heading.av-lsfyhbzh-fcc8cbf7752385a9208b9c07dda375f0 .av-special-heading-tag .heading-char{\nfont-size:25px;\n}\n.av-special-heading.av-lsfyhbzh-fcc8cbf7752385a9208b9c07dda375f0 .av-subheading{\nfont-size:20px;\n}\n\n@media only screen and (min-width: 768px) and (max-width: 989px){ \n#top #wrap_all .av-special-heading.av-lsfyhbzh-fcc8cbf7752385a9208b9c07dda375f0 .av-special-heading-tag{\nfont-size:40px;\n}\n}\n\n@media only screen and (min-width: 480px) and (max-width: 767px){ \n#top #wrap_all .av-special-heading.av-lsfyhbzh-fcc8cbf7752385a9208b9c07dda375f0 .av-special-heading-tag{\nfont-size:30px;\n}\n}\n\n@media only screen and (max-width: 479px){ \n#top #wrap_all .av-special-heading.av-lsfyhbzh-fcc8cbf7752385a9208b9c07dda375f0 .av-special-heading-tag{\nfont-size:20px;\n}\n}\n<\/style>\n<div  class='av-special-heading av-lsfyhbzh-fcc8cbf7752385a9208b9c07dda375f0 av-special-heading-h1 blockquote modern-quote modern-centered  avia-builder-el-1  avia-builder-el-no-sibling '><h1 class='av-special-heading-tag '  itemprop=\"headline\"  >HC PRO: Unelmiesi Kuntosali Kotiin, Taloyhti\u00f6\u00f6n tai Toimistoon<\/h1><div class='av-subheading av-subheading_below'><p>Oletko haaveillut omasta kuntosali tilasta, joka olisi vain muutaman askeleen p\u00e4\u00e4ss\u00e4? Tai ehk\u00e4 haluat tarjota taloyhti\u00f6si asukkaille tai yrityksesi ty\u00f6ntekij\u00f6ille mahdollisuuden kuntoilla mukavasti paikan p\u00e4\u00e4ll\u00e4? HC PRO, yli 30 vuoden kokemuksella kuntosalilaitteiden ja &#8211; varusteiden toimittajana, tekee t\u00e4st\u00e4 unelmasta totta.<\/p>\n<\/div><div class=\"special-heading-border\"><div class=\"special-heading-inner-border\"><\/div><\/div><\/div>\n\n<\/div><\/div><\/main><!-- close content main element --><\/div><\/div><\/div>\n<style type=\"text\/css\" data-created_by=\"avia_inline_auto\" id=\"style-css-av-3ysl4gx-71c1d4729506e98285c31780625b1443\">\n.avia-section.av-3ysl4gx-71c1d4729506e98285c31780625b1443{\nbackground-color:#000000;\nbackground-image:unset;\n}\n<\/style>\n<div id='av_section_2'  class='avia-section av-3ysl4gx-71c1d4729506e98285c31780625b1443 main_color avia-section-default avia-no-border-styling  avia-builder-el-2  el_after_av_section  avia-builder-el-last  avia-bg-style-scroll container_wrap fullsize'  ><div class='container av-section-cont-open' ><div class='template-page content  av-content-full alpha units'><div class='post-entry post-entry-type-page post-entry-11809'><div class='entry-content-wrapper clearfix'>\n<div  class='flex_column av-3btdgkh-0f59bbbecff71fb611de814fd9cc9695 av_one_half  avia-builder-el-3  el_before_av_one_half  avia-builder-el-first  first flex_column_div  '     ><style type=\"text\/css\" data-created_by=\"avia_inline_auto\" id=\"style-css-av-37hkbk1-0a04c44ae5d4a6d5d46e3064948edac6\">\n.avia-image-container.av-37hkbk1-0a04c44ae5d4a6d5d46e3064948edac6 img.avia_image{\nbox-shadow:none;\n}\n.avia-image-container.av-37hkbk1-0a04c44ae5d4a6d5d46e3064948edac6 .av-image-caption-overlay-center{\ncolor:#ffffff;\n}\n<\/style>\n<div  class='avia-image-container av-37hkbk1-0a04c44ae5d4a6d5d46e3064948edac6 av-styling- av-hover-grow av-hide-overflow avia_animated_image av-animated-when-visible-95 fade-in avia-align-center  avia-builder-el-4  avia-builder-el-no-sibling '   itemprop=\"image\" itemscope=\"itemscope\" itemtype=\"https:\/\/schema.org\/ImageObject\" ><div class=\"avia-image-container-inner\"><div class=\"avia-image-overlay-wrap\"><img decoding=\"async\" fetchpriority=\"high\" class='wp-image-11813 avia-img-lazy-loading-not-11813 avia_image ' src=\"https:\/\/hcgym.ee\/wp-content\/uploads\/2024\/02\/2122520-e1707563540636-495x400.jpg\" alt='HC PRO: Unelmiesi Kuntosali Kotiin, Taloyhti\u00f6\u00f6n tai Toimistoon' title='HC PRO: Unelmiesi Kuntosali Kotiin, Taloyhti\u00f6\u00f6n tai Toimistoon'  height=\"400\" width=\"495\"  itemprop=\"thumbnailUrl\"  \/><\/div><\/div><\/div><\/div><div  class='flex_column av-2hincbl-307306a5fb37cb36484baff2cbbb9e00 av_one_half  avia-builder-el-5  el_after_av_one_half  el_before_av_one_half  flex_column_div  '     ><section  class='av_textblock_section av-lsfypymj-1493a30fc52ec69e390ed750667e2c65 '   itemscope=\"itemscope\" itemtype=\"https:\/\/schema.org\/CreativeWork\" ><div class='avia_textblock'  itemprop=\"text\" ><div>\n<p><b>Kuntosali Kotiin tai Omakotitaloon<\/b><span style=\"font-weight: 400;\"><br \/>\n<\/span><span style=\"font-weight: 400;\">Unelmoitko omasta salista kotona? Omasali autotalliin tai omakotitaloon on nyt helpompi toteuttaa kuin koskaan. HC PRO tarjoaa kompakteja ratkaisuja, jotka eiv\u00e4t vaadi tilaa enemm\u00e4n kuin alkaen 20 m\u00b2. Nauti treenaamisen vapaudesta ja joustavuudesta omassa kodissasi.<\/span><\/p>\n<p><b>Taloyhti\u00f6n Kuntosali \u2013 Asukkaiden Hyvinvoinnin L\u00e4hde<\/b><span style=\"font-weight: 400;\"><br \/>\n<\/span><span style=\"font-weight: 400;\">Taloyhti\u00f6n oma kuntosali tuo asukkaille paitsi mukavuutta, my\u00f6s kannustaa terveellisiin el\u00e4m\u00e4ntapoihin. HC PRO:n avulla voit luoda viihtyis\u00e4n ja monipuolisen kuntoilutilan, joka lis\u00e4\u00e4 kiinteist\u00f6n arvoa ja asukkaiden tyytyv\u00e4isyytt\u00e4.<\/span><\/p>\n<p><b>Kuntosali Toimistotalossa \u2013 Kilpailuetu Vuokralaisten Hankinnassa<\/b><span style=\"font-weight: 400;\"><br \/>\n<\/span><span style=\"font-weight: 400;\">Yrityksen kuntosali toimistotalossa ei ole vain etu, se on investointi ty\u00f6ntekij\u00f6iden hyvinvointiin ja yrityksen tulevaisuuteen. Se v\u00e4hent\u00e4\u00e4 ty\u00f6poissaoloja, luo yhteishenke\u00e4 ja auttaa jaksamaan paremmin p\u00e4ivitt\u00e4isess\u00e4 ty\u00f6ss\u00e4. T\u00e4m\u00e4 on kilpailuetu, joka houkuttelee vuokralaisia ja tukee heid\u00e4n liiketoimintaansa.<\/span><\/p>\n<\/div>\n<div><\/div>\n<div><\/div>\n<\/div><\/section><\/div><div  class='flex_column av-1vxdy2p-2fa467d5c35eaf2978d0fdbe1484ef20 av_one_half  avia-builder-el-7  el_after_av_one_half  el_before_av_one_half  first flex_column_div  column-top-margin'     ><section  class='av_textblock_section av-lsfyq36q-354006015797ac73deee7ad84bec3a0b '   itemscope=\"itemscope\" itemtype=\"https:\/\/schema.org\/CreativeWork\" ><div class='avia_textblock'  itemprop=\"text\" ><div>\n<p><b>Markkinoiden Pisimm\u00e4t Runkotakuut<\/b><span style=\"font-weight: 400;\"><br \/>\n<\/span><span style=\"font-weight: 400;\">HC PRO kuntosalilaitteet eiv\u00e4t ole vain korkealaatuisia; ne tulevat my\u00f6s markkinoiden pisimmill\u00e4 runkotakuilla. T\u00e4m\u00e4 takaa investointisi pitk\u00e4ik\u00e4isyyden ja k\u00e4ytt\u00e4jien turvallisuuden, olipa kyseess\u00e4 sitten yksityinen kotisali tai yrityksen kuntosali.<\/span><\/p>\n<p><b>Asiakaskunta, Joka Puhuu Puolestaan<\/b><span style=\"font-weight: 400;\"><br \/>\n<\/span><span style=\"font-weight: 400;\">HC PRO on palvellut asiakkaita laajasti, mukaan lukien suuret p\u00f6rssiyhti\u00f6t, eri maiden armeijat, kaupungit ja kunnat sek\u00e4 tuhannet yksityisasiakkaat. T\u00e4m\u00e4 monipuolinen ja laaja asiakaskunta todistaa HC PRO:n asiantuntemuksesta ja luotettavuudesta alalla.<\/span><\/p>\n<p><b>Kompaktista Luksukseen \u2013 Ratkaisuja Kaikkiin Tarpeisiin<\/b><span style=\"font-weight: 400;\"><br \/>\n<\/span><span style=\"font-weight: 400;\">Etsitp\u00e4 sitten kompaktia ratkaisua pienemp\u00e4\u00e4n tilaan tai t\u00e4ysin varusteltua kaupallista kuntosalia, HC PRO tarjoaa ratkaisun. Esimerkiksi Tallinnan Viru hotellin noin 80 m\u00b2 kuntosali on varustettu huippulaadukkailla HC PRO -laitteilla, tarjoten inspiraatiota omaan hankkeeseesi.<\/span><\/p>\n<\/div>\n<div><\/div>\n<div><\/div>\n<\/div><\/section><\/div><div  class='flex_column av-1kjeuwx-d932b788d53e80ab62ad57c4a73650a7 av_one_half  avia-builder-el-9  el_after_av_one_half  el_before_av_heading  flex_column_div  column-top-margin'     ><style type=\"text\/css\" data-created_by=\"avia_inline_auto\" id=\"style-css-av-19zkayp-d826cf4d05354c9d02aaf001bc39adfc\">\n.avia-image-container.av-19zkayp-d826cf4d05354c9d02aaf001bc39adfc img.avia_image{\nbox-shadow:none;\n}\n.avia-image-container.av-19zkayp-d826cf4d05354c9d02aaf001bc39adfc .av-image-caption-overlay-center{\ncolor:#ffffff;\n}\n<\/style>\n<div  class='avia-image-container av-19zkayp-d826cf4d05354c9d02aaf001bc39adfc av-styling- av-hover-grow av-hide-overflow avia_animated_image av-animated-when-visible-95 fade-in avia-align-center  avia-builder-el-10  avia-builder-el-no-sibling '   itemprop=\"image\" itemscope=\"itemscope\" itemtype=\"https:\/\/schema.org\/ImageObject\" ><div class=\"avia-image-container-inner\"><div class=\"avia-image-overlay-wrap\"><img decoding=\"async\" fetchpriority=\"high\" class='wp-image-10719 avia-img-lazy-loading-not-10719 avia_image ' src=\"https:\/\/hcgym.ee\/wp-content\/uploads\/2022\/11\/20220907_074251-495x400.jpg\" alt='' title='20220907_074251'  height=\"400\" width=\"495\"  itemprop=\"thumbnailUrl\" srcset=\"https:\/\/hcgym.ee\/wp-content\/uploads\/2022\/11\/20220907_074251-495x400.jpg 495w, https:\/\/hcgym.ee\/wp-content\/uploads\/2022\/11\/20220907_074251-845x684.jpg 845w\" sizes=\"(max-width: 495px) 100vw, 495px\" \/><\/div><\/div><\/div><\/div>\n<style type=\"text\/css\" data-created_by=\"avia_inline_auto\" id=\"style-css-av-lsfz4jtk-d4c7271c0ca05d5d2310eb3f92c0ca09\">\n#top .av-special-heading.av-lsfz4jtk-d4c7271c0ca05d5d2310eb3f92c0ca09{\npadding-bottom:10px;\nfont-size:25px;\n}\nbody .av-special-heading.av-lsfz4jtk-d4c7271c0ca05d5d2310eb3f92c0ca09 .av-special-heading-tag .heading-char{\nfont-size:25px;\n}\n#top #wrap_all .av-special-heading.av-lsfz4jtk-d4c7271c0ca05d5d2310eb3f92c0ca09 .av-special-heading-tag{\nfont-size:25px;\n}\n.av-special-heading.av-lsfz4jtk-d4c7271c0ca05d5d2310eb3f92c0ca09 .av-subheading{\nfont-size:20px;\n}\n\n@media only screen and (min-width: 768px) and (max-width: 989px){ \n#top #wrap_all .av-special-heading.av-lsfz4jtk-d4c7271c0ca05d5d2310eb3f92c0ca09 .av-special-heading-tag{\nfont-size:40px;\n}\n}\n\n@media only screen and (min-width: 480px) and (max-width: 767px){ \n#top #wrap_all .av-special-heading.av-lsfz4jtk-d4c7271c0ca05d5d2310eb3f92c0ca09 .av-special-heading-tag{\nfont-size:30px;\n}\n}\n\n@media only screen and (max-width: 479px){ \n#top #wrap_all .av-special-heading.av-lsfz4jtk-d4c7271c0ca05d5d2310eb3f92c0ca09 .av-special-heading-tag{\nfont-size:20px;\n}\n}\n<\/style>\n<div  class='av-special-heading av-lsfz4jtk-d4c7271c0ca05d5d2310eb3f92c0ca09 av-special-heading-h2 blockquote modern-quote modern-centered  avia-builder-el-11  el_after_av_one_half  el_before_av_one_third  av-inherit-size'><h2 class='av-special-heading-tag '  itemprop=\"headline\"  >Kutsumme sinut tutustumaan laajaan laitevalikoimaamme osoitteessa www.hcpro.fi. L\u00f6yd\u00e4 t\u00e4ydelliset ratkaisut unelmiesi kuntosaliin, olipa kyse sitten yksityisest\u00e4 tilasta, taloyhti\u00f6st\u00e4 tai yrityksen tiloista. HC PRO:n kanssa voit luoda terveytt\u00e4 ja hyvinvointia edist\u00e4v\u00e4n tilan, joka palvelee sinua ja yhteis\u00f6\u00e4si vuosia eteenp\u00e4in.<\/h2><div class=\"special-heading-border\"><div class=\"special-heading-inner-border\"><\/div><\/div><\/div>\n\n<style type=\"text\/css\" data-created_by=\"avia_inline_auto\" id=\"style-css-av-sbixep-df301ecbca4e70a277d00b9fdcedd308\">\n.flex_column.av-sbixep-df301ecbca4e70a277d00b9fdcedd308{\npadding:50px 50px 50px 50px;\n}\n<\/style>\n<div  class='flex_column av-sbixep-df301ecbca4e70a277d00b9fdcedd308 av_one_third  avia-builder-el-12  el_after_av_heading  el_before_av_one_third  first flex_column_div avia-link-column av-column-link  '    data-link-column-url=\"http:\/\/hcpro.ee\"   ><a class=\"av-screen-reader-only\" href=http:\/\/hcpro.ee >Follow a manual added link<\/a><\/div>\n<style type=\"text\/css\" data-created_by=\"avia_inline_auto\" id=\"style-css-av-lsfz55v2-51a093e0ce5e0c96e9af56b06d39c409\">\n.flex_column.av-lsfz55v2-51a093e0ce5e0c96e9af56b06d39c409{\npadding:50px 50px 50px 50px;\n}\n<\/style>\n<div  class='flex_column av-lsfz55v2-51a093e0ce5e0c96e9af56b06d39c409 av_one_third  avia-builder-el-13  el_after_av_one_third  el_before_av_one_third  flex_column_div avia-link-column av-column-link  '    data-link-column-url=\"http:\/\/hcpro.fi\"   ><a class=\"av-screen-reader-only\" href=http:\/\/hcpro.fi >Follow a manual added link<\/a><p>\n<style type=\"text\/css\" data-created_by=\"avia_inline_auto\" id=\"style-css-av-lsfz4wz7-90ec54c98e2563a9a6ed4aae4a94936b\">\n#top .av-special-heading.av-lsfz4wz7-90ec54c98e2563a9a6ed4aae4a94936b{\npadding-bottom:10px;\n}\nbody .av-special-heading.av-lsfz4wz7-90ec54c98e2563a9a6ed4aae4a94936b .av-special-heading-tag .heading-char{\nfont-size:25px;\n}\n.av-special-heading.av-lsfz4wz7-90ec54c98e2563a9a6ed4aae4a94936b .av-subheading{\nfont-size:15px;\n}\n<\/style>\n<div  class='av-special-heading av-lsfz4wz7-90ec54c98e2563a9a6ed4aae4a94936b av-special-heading-h3 blockquote modern-quote modern-centered  avia-builder-el-14  el_before_av_font_icon  avia-builder-el-first '><h3 class='av-special-heading-tag '  itemprop=\"headline\"  >Verkkokauppa<\/h3><div class='av-subheading av-subheading_below'><p><b>www.hcpro.fi<\/b><\/p>\n<\/div><div class=\"special-heading-border\"><div class=\"special-heading-inner-border\"><\/div><\/div><\/div><br \/>\n\n<style type=\"text\/css\" data-created_by=\"avia_inline_auto\" id=\"style-css-av-1a7jigx-158a9ad3cfe2a54cc04adb70353efc8b\">\n.av_font_icon.av-1a7jigx-158a9ad3cfe2a54cc04adb70353efc8b .av-icon-char{\nfont-size:100px;\nline-height:100px;\n}\n<\/style>\n<span  class='av_font_icon av-1a7jigx-158a9ad3cfe2a54cc04adb70353efc8b avia_animate_when_visible av-icon-style- avia-icon-pos-center shop avia-iconfont avia-font-entypo-fontello av-no-color avia-icon-animate'><span class='av-icon-char' data-av_icon='\ue859' data-av_iconfont='entypo-fontello' aria-hidden=\"true\" ><\/span><\/span><\/p><\/div>\n<style type=\"text\/css\" data-created_by=\"avia_inline_auto\" id=\"style-css-av-1l7grr5-42ce7d5b0c61441726f0be8b1c48f6cc\">\n.flex_column.av-1l7grr5-42ce7d5b0c61441726f0be8b1c48f6cc{\npadding:50px 50px 50px 50px;\n}\n<\/style>\n<div  class='flex_column av-1l7grr5-42ce7d5b0c61441726f0be8b1c48f6cc av_one_third  avia-builder-el-16  el_after_av_one_third  avia-builder-el-last  flex_column_div avia-link-column av-column-link  '    data-link-column-url=\"http:\/\/hcpro.ee\"   ><a class=\"av-screen-reader-only\" href=http:\/\/hcpro.ee >Follow a manual added link<\/a><\/div>\n","protected":false},"excerpt":{"rendered":"","protected":false},"author":1,"featured_media":11829,"parent":0,"menu_order":0,"comment_status":"closed","ping_status":"closed","template":"","meta":{"footnotes":""},"class_list":["post-11809","page","type-page","status-publish","has-post-thumbnail","hentry"],"yoast_head":"<!-- This site is optimized with the Yoast SEO plugin v26.8 - https:\/\/yoast.com\/product\/yoast-seo-wordpress\/ -->\n<title>HC PRO: Unelmiesi Kuntosali Kotiin, Taloyhti\u00f6\u00f6n tai Toimistoon<\/title>\n<meta name=\"description\" content=\"HC PRO, yli 30 vuoden kokemuksella kuntosalilaitteiden ja - varusteiden toimittajana, tekee t\u00e4st\u00e4 unelmasta totta.\" \/>\n<meta name=\"robots\" content=\"index, follow, max-snippet:-1, max-image-preview:large, max-video-preview:-1\" \/>\n<link rel=\"canonical\" href=\"https:\/\/hcgym.ee\/fi\/kuntosali-kotiin-taloyhtioon-toimistoon\/\" \/>\n<meta property=\"og:locale\" content=\"fi_FI\" \/>\n<meta property=\"og:type\" content=\"article\" \/>\n<meta property=\"og:title\" content=\"HC PRO: Unelmiesi Kuntosali Kotiin, Taloyhti\u00f6\u00f6n tai Toimistoon\" \/>\n<meta property=\"og:description\" content=\"HC PRO, yli 30 vuoden kokemuksella kuntosalilaitteiden ja - varusteiden toimittajana, tekee t\u00e4st\u00e4 unelmasta totta.\" \/>\n<meta property=\"og:url\" content=\"https:\/\/hcgym.ee\/fi\/kuntosali-kotiin-taloyhtioon-toimistoon\/\" \/>\n<meta property=\"og:site_name\" content=\"HC GYM\" \/>\n<meta property=\"article:modified_time\" content=\"2024-02-10T11:17:04+00:00\" \/>\n<meta property=\"og:image\" content=\"https:\/\/hcgym.ee\/wp-content\/uploads\/2024\/02\/k1958859.jpg\" \/>\n\t<meta property=\"og:image:width\" content=\"700\" \/>\n\t<meta property=\"og:image:height\" content=\"560\" \/>\n\t<meta property=\"og:image:type\" content=\"image\/jpeg\" \/>\n<meta name=\"twitter:card\" content=\"summary_large_image\" \/>\n<meta name=\"twitter:label1\" content=\"Arvioitu lukuaika\" \/>\n\t<meta name=\"twitter:data1\" content=\"7 minuuttia\" \/>\n<script type=\"application\/ld+json\" class=\"yoast-schema-graph\">{\"@context\":\"https:\/\/schema.org\",\"@graph\":[{\"@type\":\"WebPage\",\"@id\":\"https:\/\/hcgym.ee\/fi\/kuntosali-kotiin-taloyhtioon-toimistoon\/\",\"url\":\"https:\/\/hcgym.ee\/fi\/kuntosali-kotiin-taloyhtioon-toimistoon\/\",\"name\":\"HC PRO: Unelmiesi Kuntosali Kotiin, Taloyhti\u00f6\u00f6n tai Toimistoon\",\"isPartOf\":{\"@id\":\"https:\/\/hcgym.ee\/fi\/#website\"},\"primaryImageOfPage\":{\"@id\":\"https:\/\/hcgym.ee\/fi\/kuntosali-kotiin-taloyhtioon-toimistoon\/#primaryimage\"},\"image\":{\"@id\":\"https:\/\/hcgym.ee\/fi\/kuntosali-kotiin-taloyhtioon-toimistoon\/#primaryimage\"},\"thumbnailUrl\":\"https:\/\/hcgym.ee\/wp-content\/uploads\/2024\/02\/k1958859.jpg\",\"datePublished\":\"2024-02-10T10:57:50+00:00\",\"dateModified\":\"2024-02-10T11:17:04+00:00\",\"description\":\"HC PRO, yli 30 vuoden kokemuksella kuntosalilaitteiden ja - varusteiden toimittajana, tekee t\u00e4st\u00e4 unelmasta totta.\",\"breadcrumb\":{\"@id\":\"https:\/\/hcgym.ee\/fi\/kuntosali-kotiin-taloyhtioon-toimistoon\/#breadcrumb\"},\"inLanguage\":\"fi\",\"potentialAction\":[{\"@type\":\"ReadAction\",\"target\":[\"https:\/\/hcgym.ee\/fi\/kuntosali-kotiin-taloyhtioon-toimistoon\/\"]}]},{\"@type\":\"ImageObject\",\"inLanguage\":\"fi\",\"@id\":\"https:\/\/hcgym.ee\/fi\/kuntosali-kotiin-taloyhtioon-toimistoon\/#primaryimage\",\"url\":\"https:\/\/hcgym.ee\/wp-content\/uploads\/2024\/02\/k1958859.jpg\",\"contentUrl\":\"https:\/\/hcgym.ee\/wp-content\/uploads\/2024\/02\/k1958859.jpg\",\"width\":700,\"height\":560,\"caption\":\"HC PRO: Unelmiesi Kuntosali Kotiin, Taloyhti\u00f6\u00f6n tai Toimistoon\"},{\"@type\":\"BreadcrumbList\",\"@id\":\"https:\/\/hcgym.ee\/fi\/kuntosali-kotiin-taloyhtioon-toimistoon\/#breadcrumb\",\"itemListElement\":[{\"@type\":\"ListItem\",\"position\":1,\"name\":\"Home\",\"item\":\"https:\/\/hcgym.ee\/fi\/etusivu\/\"},{\"@type\":\"ListItem\",\"position\":2,\"name\":\"HC PRO: Unelmiesi Kuntosali Kotiin, Taloyhti\u00f6\u00f6n tai Toimistoon\"}]},{\"@type\":\"WebSite\",\"@id\":\"https:\/\/hcgym.ee\/fi\/#website\",\"url\":\"https:\/\/hcgym.ee\/fi\/\",\"name\":\"HC GYM\",\"description\":\"Spordisaal \/ J&otilde;usaal\",\"publisher\":{\"@id\":\"https:\/\/hcgym.ee\/fi\/#organization\"},\"potentialAction\":[{\"@type\":\"SearchAction\",\"target\":{\"@type\":\"EntryPoint\",\"urlTemplate\":\"https:\/\/hcgym.ee\/fi\/?s={search_term_string}\"},\"query-input\":{\"@type\":\"PropertyValueSpecification\",\"valueRequired\":true,\"valueName\":\"search_term_string\"}}],\"inLanguage\":\"fi\"},{\"@type\":\"Organization\",\"@id\":\"https:\/\/hcgym.ee\/fi\/#organization\",\"name\":\"HC GYM\",\"url\":\"https:\/\/hcgym.ee\/fi\/\",\"logo\":{\"@type\":\"ImageObject\",\"inLanguage\":\"fi\",\"@id\":\"https:\/\/hcgym.ee\/fi\/#\/schema\/logo\/image\/\",\"url\":\"https:\/\/hcgym.ee\/wp-content\/uploads\/2022\/01\/hc-gym-final-facebook.jpg\",\"contentUrl\":\"https:\/\/hcgym.ee\/wp-content\/uploads\/2022\/01\/hc-gym-final-facebook.jpg\",\"width\":1366,\"height\":768,\"caption\":\"HC GYM\"},\"image\":{\"@id\":\"https:\/\/hcgym.ee\/fi\/#\/schema\/logo\/image\/\"}}]}<\/script>\n<!-- \/ Yoast SEO plugin. -->","yoast_head_json":{"title":"HC PRO: Unelmiesi Kuntosali Kotiin, Taloyhti\u00f6\u00f6n tai Toimistoon","description":"HC PRO, yli 30 vuoden kokemuksella kuntosalilaitteiden ja - varusteiden toimittajana, tekee t\u00e4st\u00e4 unelmasta totta.","robots":{"index":"index","follow":"follow","max-snippet":"max-snippet:-1","max-image-preview":"max-image-preview:large","max-video-preview":"max-video-preview:-1"},"canonical":"https:\/\/hcgym.ee\/fi\/kuntosali-kotiin-taloyhtioon-toimistoon\/","og_locale":"fi_FI","og_type":"article","og_title":"HC PRO: Unelmiesi Kuntosali Kotiin, Taloyhti\u00f6\u00f6n tai Toimistoon","og_description":"HC PRO, yli 30 vuoden kokemuksella kuntosalilaitteiden ja - varusteiden toimittajana, tekee t\u00e4st\u00e4 unelmasta totta.","og_url":"https:\/\/hcgym.ee\/fi\/kuntosali-kotiin-taloyhtioon-toimistoon\/","og_site_name":"HC GYM","article_modified_time":"2024-02-10T11:17:04+00:00","og_image":[{"width":700,"height":560,"url":"https:\/\/hcgym.ee\/wp-content\/uploads\/2024\/02\/k1958859.jpg","type":"image\/jpeg"}],"twitter_card":"summary_large_image","twitter_misc":{"Arvioitu lukuaika":"7 minuuttia"},"schema":{"@context":"https:\/\/schema.org","@graph":[{"@type":"WebPage","@id":"https:\/\/hcgym.ee\/fi\/kuntosali-kotiin-taloyhtioon-toimistoon\/","url":"https:\/\/hcgym.ee\/fi\/kuntosali-kotiin-taloyhtioon-toimistoon\/","name":"HC PRO: Unelmiesi Kuntosali Kotiin, Taloyhti\u00f6\u00f6n tai Toimistoon","isPartOf":{"@id":"https:\/\/hcgym.ee\/fi\/#website"},"primaryImageOfPage":{"@id":"https:\/\/hcgym.ee\/fi\/kuntosali-kotiin-taloyhtioon-toimistoon\/#primaryimage"},"image":{"@id":"https:\/\/hcgym.ee\/fi\/kuntosali-kotiin-taloyhtioon-toimistoon\/#primaryimage"},"thumbnailUrl":"https:\/\/hcgym.ee\/wp-content\/uploads\/2024\/02\/k1958859.jpg","datePublished":"2024-02-10T10:57:50+00:00","dateModified":"2024-02-10T11:17:04+00:00","description":"HC PRO, yli 30 vuoden kokemuksella kuntosalilaitteiden ja - varusteiden toimittajana, tekee t\u00e4st\u00e4 unelmasta totta.","breadcrumb":{"@id":"https:\/\/hcgym.ee\/fi\/kuntosali-kotiin-taloyhtioon-toimistoon\/#breadcrumb"},"inLanguage":"fi","potentialAction":[{"@type":"ReadAction","target":["https:\/\/hcgym.ee\/fi\/kuntosali-kotiin-taloyhtioon-toimistoon\/"]}]},{"@type":"ImageObject","inLanguage":"fi","@id":"https:\/\/hcgym.ee\/fi\/kuntosali-kotiin-taloyhtioon-toimistoon\/#primaryimage","url":"https:\/\/hcgym.ee\/wp-content\/uploads\/2024\/02\/k1958859.jpg","contentUrl":"https:\/\/hcgym.ee\/wp-content\/uploads\/2024\/02\/k1958859.jpg","width":700,"height":560,"caption":"HC PRO: Unelmiesi Kuntosali Kotiin, Taloyhti\u00f6\u00f6n tai Toimistoon"},{"@type":"BreadcrumbList","@id":"https:\/\/hcgym.ee\/fi\/kuntosali-kotiin-taloyhtioon-toimistoon\/#breadcrumb","itemListElement":[{"@type":"ListItem","position":1,"name":"Home","item":"https:\/\/hcgym.ee\/fi\/etusivu\/"},{"@type":"ListItem","position":2,"name":"HC PRO: Unelmiesi Kuntosali Kotiin, Taloyhti\u00f6\u00f6n tai Toimistoon"}]},{"@type":"WebSite","@id":"https:\/\/hcgym.ee\/fi\/#website","url":"https:\/\/hcgym.ee\/fi\/","name":"HC GYM","description":"Spordisaal \/ J&otilde;usaal","publisher":{"@id":"https:\/\/hcgym.ee\/fi\/#organization"},"potentialAction":[{"@type":"SearchAction","target":{"@type":"EntryPoint","urlTemplate":"https:\/\/hcgym.ee\/fi\/?s={search_term_string}"},"query-input":{"@type":"PropertyValueSpecification","valueRequired":true,"valueName":"search_term_string"}}],"inLanguage":"fi"},{"@type":"Organization","@id":"https:\/\/hcgym.ee\/fi\/#organization","name":"HC GYM","url":"https:\/\/hcgym.ee\/fi\/","logo":{"@type":"ImageObject","inLanguage":"fi","@id":"https:\/\/hcgym.ee\/fi\/#\/schema\/logo\/image\/","url":"https:\/\/hcgym.ee\/wp-content\/uploads\/2022\/01\/hc-gym-final-facebook.jpg","contentUrl":"https:\/\/hcgym.ee\/wp-content\/uploads\/2022\/01\/hc-gym-final-facebook.jpg","width":1366,"height":768,"caption":"HC GYM"},"image":{"@id":"https:\/\/hcgym.ee\/fi\/#\/schema\/logo\/image\/"}}]}},"_links":{"self":[{"href":"https:\/\/hcgym.ee\/fi\/wp-json\/wp\/v2\/pages\/11809","targetHints":{"allow":["GET"]}}],"collection":[{"href":"https:\/\/hcgym.ee\/fi\/wp-json\/wp\/v2\/pages"}],"about":[{"href":"https:\/\/hcgym.ee\/fi\/wp-json\/wp\/v2\/types\/page"}],"author":[{"embeddable":true,"href":"https:\/\/hcgym.ee\/fi\/wp-json\/wp\/v2\/users\/1"}],"replies":[{"embeddable":true,"href":"https:\/\/hcgym.ee\/fi\/wp-json\/wp\/v2\/comments?post=11809"}],"version-history":[{"count":13,"href":"https:\/\/hcgym.ee\/fi\/wp-json\/wp\/v2\/pages\/11809\/revisions"}],"predecessor-version":[{"id":11839,"href":"https:\/\/hcgym.ee\/fi\/wp-json\/wp\/v2\/pages\/11809\/revisions\/11839"}],"wp:featuredmedia":[{"embeddable":true,"href":"https:\/\/hcgym.ee\/fi\/wp-json\/wp\/v2\/media\/11829"}],"wp:attachment":[{"href":"https:\/\/hcgym.ee\/fi\/wp-json\/wp\/v2\/media?parent=11809"}],"curies":[{"name":"wp","href":"https:\/\/api.w.org\/{rel}","templated":true}]}}