{"id":15651,"date":"2025-09-27T12:39:38","date_gmt":"2025-09-27T12:39:38","guid":{"rendered":"https:\/\/hcgym.ee\/suured-uudised-kohtla-jarvelt-hc-gym-laieneb-enneolematu-fitness-centerina\/"},"modified":"2025-09-27T12:42:37","modified_gmt":"2025-09-27T12:42:37","slug":"kohtla-jarve-hc-gym-fitness-center","status":"publish","type":"page","link":"https:\/\/hcgym.ee\/en\/kohtla-jarve-hc-gym-fitness-center\/","title":{"rendered":"Suured uudised Kohtla-J\u00e4rvelt: HC GYM laieneb enneolematu Fitness Center\u2019ina"},"content":{"rendered":"\n<style type=\"text\/css\" data-created_by=\"avia_inline_auto\" id=\"style-css-av-exlyg4f-e6134bc99bf2612c73bc1280f070343c\">\n.avia-section.av-exlyg4f-e6134bc99bf2612c73bc1280f070343c{\nbackground-color:#000000;\nbackground-image:unset;\n}\n<\/style>\n<div id='av_section_1'  class='avia-section av-exlyg4f-e6134bc99bf2612c73bc1280f070343c main_color avia-section-default avia-no-border-styling  avia-builder-el-0  avia-builder-el-no-sibling  avia-bg-style-scroll container_wrap fullsize'  ><div class='container av-section-cont-open' ><main  role=\"main\" itemprop=\"mainContentOfPage\"  class='template-page content  av-content-full alpha units'><div class='post-entry post-entry-type-page post-entry-15651'><div class='entry-content-wrapper clearfix'>\n\n<style type=\"text\/css\" data-created_by=\"avia_inline_auto\" id=\"style-css-av-ecjmmwv-451a5e89077ac09aec4a316781e77f1f\">\n.flex_column.av-ecjmmwv-451a5e89077ac09aec4a316781e77f1f{\npadding:50px 0 33px 0;\n}\n<\/style>\n<div  class='flex_column av-ecjmmwv-451a5e89077ac09aec4a316781e77f1f av_two_third  avia-builder-el-1  el_before_av_one_third  avia-builder-el-first  first flex_column_div  '     ><section  class='av_textblock_section av-mg29b3i0-d37807d10d8a8610347a027953e3d18f '   itemscope=\"itemscope\" itemtype=\"https:\/\/schema.org\/CreativeWork\" ><div class='avia_textblock'  itemprop=\"text\" ><h2 style=\"font-size: 35px;\">Suured uudised Kohtla-J\u00e4rvelt: HC GYM laieneb enneolematu Fitness Center&#8217;ina!<\/h2>\n<p>Kohtla-J\u00e4rvel toimub midagi erakordset ja p\u00f5nevat juba maikuus \u2013 praegune HC GYM j\u00f5usaal laieneb ning muutub t\u00e4iesti uueks ja senin\u00e4gematuks fitness-keskuseks! T\u00e4nu Euroopa Liidu \u00d5iglase \u00fclemineku fondi toetusele ning EAS-i abile saab Kohtla-J\u00e4rve HC GYMist kaasaegne kogukonnakeskus, kus leiab endale tegevust iga\u00fcks.<\/p>\n<h4>Uued treeningv\u00f5imalused ja kaasaegne varustus<\/h4>\n<p>Uues HC GYM Fitness Center&#8217;is saab olema 700 m\u00b2 treeningpinda, kus k\u00f5ik treeningseadmed ja kardioseadmed uuendatakse t\u00e4ielikult. \u00dcllatusena avaldame, et uude keskusesse tuleb lausa 40 erinevat premium-klassi kardiomasinat, pakkudes nii mitmekesisust kui kvaliteeti igale spordis\u00f5brale.<\/p>\n<p>Lisaks traditsioonilistele j\u00f5usaali- ja r\u00fchmatreeningutele on Fitness Center&#8217;is saadaval ka kaasaegsed massaa\u017eiaparaadid, mis aitavad l\u00f5dvestada lihaseid ja on t\u00f5husad isegi tselluliidi vastu.<\/p>\n<h4>Tasuta treeningud lastele<\/h4>\n<p>Erilise t\u00e4helepanu saavad ka piirkonna lastekodu lapsed, kellele pakub HC GYM Fitness Center igal p\u00fchap\u00e4eval tasuta treeninguid koos v\u00e4ikeste suupistetega. Me usume, et sport peab olema k\u00f5igile k\u00e4ttesaadav ja r\u00f5\u00f5mu pakkuv!<\/p>\n<h4>K\u00e4ttesaadavus k\u00f5igile<\/h4>\n<p>Uuendatakse ka k\u00f5ik riietusruumid ning rajatakse meestele ja naistele eraldi inva-tualetid koos du\u0161iruumidega. Loomulikult on ka uue keskuse sissep\u00e4\u00e4s ratastoolis\u00f5bralik, nagu k\u00f5ikides teistes HC GYM klubides \u00fcle Eesti.<\/p>\n<p>HC PRO AS ja kogu tiim, eesotsas\u00a0<span class=\"il\">Timo<\/span>\u00a0ja Veronika Majuriga, t\u00e4nab s\u00fcdamest Euroopa Liidu \u00d5iglase \u00fclemineku fondi ning Ettev\u00f5tluse Arendamise Sihtasutust (EAS) selle olulise toetuse eest. T\u00e4nu sellele saab Kohtla-J\u00e4rve kogukond peagi nautida moodsat, mugavat ja mitmek\u00fclgset treeningkeskust.<\/p>\n<p>Ootame juba v\u00e4ga teid k\u00f5iki meie uue HC GYM Fitness Center&#8217;i avamisele maikuus!<\/p>\n<\/div><\/section><\/div>\n<style type=\"text\/css\" data-created_by=\"avia_inline_auto\" id=\"style-css-av-e601eu7-3d388fb862f9b9b3ee99d9245ca7bbb0\">\n.flex_column.av-e601eu7-3d388fb862f9b9b3ee99d9245ca7bbb0{\npadding:100px 0 100px 0;\n}\n\n@media only screen and (min-width: 480px) and (max-width: 767px){ \n.flex_column.av-e601eu7-3d388fb862f9b9b3ee99d9245ca7bbb0{\npadding:25px 0 25px 0;\n}\n}\n\n@media only screen and (max-width: 479px){ \n.flex_column.av-e601eu7-3d388fb862f9b9b3ee99d9245ca7bbb0{\npadding:25px 0 25px 0;\n}\n}\n<\/style>\n<div  class='flex_column av-e601eu7-3d388fb862f9b9b3ee99d9245ca7bbb0 av_one_third  avia-builder-el-3  el_after_av_two_third  avia-builder-el-last  flex_column_div avia-link-column av-column-link  '    data-link-column-url=\"https:\/\/hcgym.ee\/fondi\/\"   ><a class=\"av-screen-reader-only\" href=https:\/\/hcgym.ee\/fondi\/ >Follow a manual added link<\/a><style type=\"text\/css\" data-created_by=\"avia_inline_auto\" id=\"style-css-av-dl5ot4v-5f881deb8b88d6cacfbde586900c1ec9\">\n.avia-image-container.av-dl5ot4v-5f881deb8b88d6cacfbde586900c1ec9 img.avia_image{\nbox-shadow:none;\n}\n.avia-image-container.av-dl5ot4v-5f881deb8b88d6cacfbde586900c1ec9 .av-image-caption-overlay-center{\ncolor:#ffffff;\n}\n<\/style>\n<div  class='avia-image-container av-dl5ot4v-5f881deb8b88d6cacfbde586900c1ec9 av-styling- avia-align-center  avia-builder-el-4  avia-builder-el-no-sibling '   itemprop=\"image\" itemscope=\"itemscope\" itemtype=\"https:\/\/schema.org\/ImageObject\" ><div class=\"avia-image-container-inner\"><div class=\"avia-image-overlay-wrap\"><img decoding=\"async\" fetchpriority=\"high\" class='wp-image-14072 avia-img-lazy-loading-not-14072 avia_image ' src=\"https:\/\/hcgym.ee\/wp-content\/uploads\/2025\/03\/ELEE.png\" alt='' title='ELEE'  height=\"757\" width=\"575\"  itemprop=\"thumbnailUrl\" srcset=\"https:\/\/hcgym.ee\/wp-content\/uploads\/2025\/03\/ELEE.png 575w, https:\/\/hcgym.ee\/wp-content\/uploads\/2025\/03\/ELEE-228x300.png 228w, https:\/\/hcgym.ee\/wp-content\/uploads\/2025\/03\/ELEE-536x705.png 536w\" sizes=\"(max-width: 575px) 100vw, 575px\" \/><\/div><\/div><\/div><\/div>\n","protected":false},"excerpt":{"rendered":"","protected":false},"author":1,"featured_media":0,"parent":0,"menu_order":0,"comment_status":"closed","ping_status":"closed","template":"","meta":{"footnotes":""},"class_list":["post-15651","page","type-page","status-publish","hentry"],"yoast_head":"<!-- This site is optimized with the Yoast SEO plugin v26.8 - https:\/\/yoast.com\/product\/yoast-seo-wordpress\/ -->\n<title>Suured uudised Kohtla-J\u00e4rvelt: HC GYM Fitness Center<\/title>\n<meta name=\"description\" content=\"Kohtla-J\u00e4rvel toimub midagi erakordset ja p\u00f5nevat juba maikuus \u2013 praegune HC GYM j\u00f5usaal laieneb ning muutub t\u00e4iesti uueks ja senin\u00e4gematuks fitness-keskuseks!\" \/>\n<meta name=\"robots\" content=\"index, follow, max-snippet:-1, max-image-preview:large, max-video-preview:-1\" \/>\n<link rel=\"canonical\" href=\"https:\/\/hcgym.ee\/en\/kohtla-jarve-hc-gym-fitness-center\/\" \/>\n<meta property=\"og:locale\" content=\"en_US\" \/>\n<meta property=\"og:type\" content=\"article\" \/>\n<meta property=\"og:title\" content=\"Suured uudised Kohtla-J\u00e4rvelt: HC GYM Fitness Center\" \/>\n<meta property=\"og:description\" content=\"Kohtla-J\u00e4rvel toimub midagi erakordset ja p\u00f5nevat juba maikuus \u2013 praegune HC GYM j\u00f5usaal laieneb ning muutub t\u00e4iesti uueks ja senin\u00e4gematuks fitness-keskuseks!\" \/>\n<meta property=\"og:url\" content=\"https:\/\/hcgym.ee\/en\/kohtla-jarve-hc-gym-fitness-center\/\" \/>\n<meta property=\"og:site_name\" content=\"HC GYM\" \/>\n<meta property=\"article:modified_time\" content=\"2025-09-27T12:42:37+00:00\" \/>\n<meta name=\"twitter:card\" content=\"summary_large_image\" \/>\n<meta name=\"twitter:label1\" content=\"Est. reading time\" \/>\n\t<meta name=\"twitter:data1\" content=\"2 minutes\" \/>\n<script type=\"application\/ld+json\" class=\"yoast-schema-graph\">{\"@context\":\"https:\/\/schema.org\",\"@graph\":[{\"@type\":\"WebPage\",\"@id\":\"https:\/\/hcgym.ee\/en\/kohtla-jarve-hc-gym-fitness-center\/\",\"url\":\"https:\/\/hcgym.ee\/en\/kohtla-jarve-hc-gym-fitness-center\/\",\"name\":\"Suured uudised Kohtla-J\u00e4rvelt: HC GYM Fitness Center\",\"isPartOf\":{\"@id\":\"https:\/\/hcgym.ee\/en\/#website\"},\"datePublished\":\"2025-09-27T12:39:38+00:00\",\"dateModified\":\"2025-09-27T12:42:37+00:00\",\"description\":\"Kohtla-J\u00e4rvel toimub midagi erakordset ja p\u00f5nevat juba maikuus \u2013 praegune HC GYM j\u00f5usaal laieneb ning muutub t\u00e4iesti uueks ja senin\u00e4gematuks fitness-keskuseks!\",\"breadcrumb\":{\"@id\":\"https:\/\/hcgym.ee\/en\/kohtla-jarve-hc-gym-fitness-center\/#breadcrumb\"},\"inLanguage\":\"en-US\",\"potentialAction\":[{\"@type\":\"ReadAction\",\"target\":[\"https:\/\/hcgym.ee\/en\/kohtla-jarve-hc-gym-fitness-center\/\"]}]},{\"@type\":\"BreadcrumbList\",\"@id\":\"https:\/\/hcgym.ee\/en\/kohtla-jarve-hc-gym-fitness-center\/#breadcrumb\",\"itemListElement\":[{\"@type\":\"ListItem\",\"position\":1,\"name\":\"Home\",\"item\":\"https:\/\/hcgym.ee\/en\/homepage\/\"},{\"@type\":\"ListItem\",\"position\":2,\"name\":\"Suured uudised Kohtla-J\u00e4rvelt: HC GYM laieneb enneolematu Fitness Center\u2019ina\"}]},{\"@type\":\"WebSite\",\"@id\":\"https:\/\/hcgym.ee\/en\/#website\",\"url\":\"https:\/\/hcgym.ee\/en\/\",\"name\":\"HC GYM\",\"description\":\"Spordisaal \/ J&otilde;usaal\",\"publisher\":{\"@id\":\"https:\/\/hcgym.ee\/en\/#organization\"},\"potentialAction\":[{\"@type\":\"SearchAction\",\"target\":{\"@type\":\"EntryPoint\",\"urlTemplate\":\"https:\/\/hcgym.ee\/en\/?s={search_term_string}\"},\"query-input\":{\"@type\":\"PropertyValueSpecification\",\"valueRequired\":true,\"valueName\":\"search_term_string\"}}],\"inLanguage\":\"en-US\"},{\"@type\":\"Organization\",\"@id\":\"https:\/\/hcgym.ee\/en\/#organization\",\"name\":\"HC GYM\",\"url\":\"https:\/\/hcgym.ee\/en\/\",\"logo\":{\"@type\":\"ImageObject\",\"inLanguage\":\"en-US\",\"@id\":\"https:\/\/hcgym.ee\/en\/#\/schema\/logo\/image\/\",\"url\":\"https:\/\/hcgym.ee\/wp-content\/uploads\/2022\/01\/hc-gym-final-facebook.jpg\",\"contentUrl\":\"https:\/\/hcgym.ee\/wp-content\/uploads\/2022\/01\/hc-gym-final-facebook.jpg\",\"width\":1366,\"height\":768,\"caption\":\"HC GYM\"},\"image\":{\"@id\":\"https:\/\/hcgym.ee\/en\/#\/schema\/logo\/image\/\"}}]}<\/script>\n<!-- \/ Yoast SEO plugin. -->","yoast_head_json":{"title":"Suured uudised Kohtla-J\u00e4rvelt: HC GYM Fitness Center","description":"Kohtla-J\u00e4rvel toimub midagi erakordset ja p\u00f5nevat juba maikuus \u2013 praegune HC GYM j\u00f5usaal laieneb ning muutub t\u00e4iesti uueks ja senin\u00e4gematuks fitness-keskuseks!","robots":{"index":"index","follow":"follow","max-snippet":"max-snippet:-1","max-image-preview":"max-image-preview:large","max-video-preview":"max-video-preview:-1"},"canonical":"https:\/\/hcgym.ee\/en\/kohtla-jarve-hc-gym-fitness-center\/","og_locale":"en_US","og_type":"article","og_title":"Suured uudised Kohtla-J\u00e4rvelt: HC GYM Fitness Center","og_description":"Kohtla-J\u00e4rvel toimub midagi erakordset ja p\u00f5nevat juba maikuus \u2013 praegune HC GYM j\u00f5usaal laieneb ning muutub t\u00e4iesti uueks ja senin\u00e4gematuks fitness-keskuseks!","og_url":"https:\/\/hcgym.ee\/en\/kohtla-jarve-hc-gym-fitness-center\/","og_site_name":"HC GYM","article_modified_time":"2025-09-27T12:42:37+00:00","twitter_card":"summary_large_image","twitter_misc":{"Est. reading time":"2 minutes"},"schema":{"@context":"https:\/\/schema.org","@graph":[{"@type":"WebPage","@id":"https:\/\/hcgym.ee\/en\/kohtla-jarve-hc-gym-fitness-center\/","url":"https:\/\/hcgym.ee\/en\/kohtla-jarve-hc-gym-fitness-center\/","name":"Suured uudised Kohtla-J\u00e4rvelt: HC GYM Fitness Center","isPartOf":{"@id":"https:\/\/hcgym.ee\/en\/#website"},"datePublished":"2025-09-27T12:39:38+00:00","dateModified":"2025-09-27T12:42:37+00:00","description":"Kohtla-J\u00e4rvel toimub midagi erakordset ja p\u00f5nevat juba maikuus \u2013 praegune HC GYM j\u00f5usaal laieneb ning muutub t\u00e4iesti uueks ja senin\u00e4gematuks fitness-keskuseks!","breadcrumb":{"@id":"https:\/\/hcgym.ee\/en\/kohtla-jarve-hc-gym-fitness-center\/#breadcrumb"},"inLanguage":"en-US","potentialAction":[{"@type":"ReadAction","target":["https:\/\/hcgym.ee\/en\/kohtla-jarve-hc-gym-fitness-center\/"]}]},{"@type":"BreadcrumbList","@id":"https:\/\/hcgym.ee\/en\/kohtla-jarve-hc-gym-fitness-center\/#breadcrumb","itemListElement":[{"@type":"ListItem","position":1,"name":"Home","item":"https:\/\/hcgym.ee\/en\/homepage\/"},{"@type":"ListItem","position":2,"name":"Suured uudised Kohtla-J\u00e4rvelt: HC GYM laieneb enneolematu Fitness Center\u2019ina"}]},{"@type":"WebSite","@id":"https:\/\/hcgym.ee\/en\/#website","url":"https:\/\/hcgym.ee\/en\/","name":"HC GYM","description":"Spordisaal \/ J&otilde;usaal","publisher":{"@id":"https:\/\/hcgym.ee\/en\/#organization"},"potentialAction":[{"@type":"SearchAction","target":{"@type":"EntryPoint","urlTemplate":"https:\/\/hcgym.ee\/en\/?s={search_term_string}"},"query-input":{"@type":"PropertyValueSpecification","valueRequired":true,"valueName":"search_term_string"}}],"inLanguage":"en-US"},{"@type":"Organization","@id":"https:\/\/hcgym.ee\/en\/#organization","name":"HC GYM","url":"https:\/\/hcgym.ee\/en\/","logo":{"@type":"ImageObject","inLanguage":"en-US","@id":"https:\/\/hcgym.ee\/en\/#\/schema\/logo\/image\/","url":"https:\/\/hcgym.ee\/wp-content\/uploads\/2022\/01\/hc-gym-final-facebook.jpg","contentUrl":"https:\/\/hcgym.ee\/wp-content\/uploads\/2022\/01\/hc-gym-final-facebook.jpg","width":1366,"height":768,"caption":"HC GYM"},"image":{"@id":"https:\/\/hcgym.ee\/en\/#\/schema\/logo\/image\/"}}]}},"_links":{"self":[{"href":"https:\/\/hcgym.ee\/en\/wp-json\/wp\/v2\/pages\/15651","targetHints":{"allow":["GET"]}}],"collection":[{"href":"https:\/\/hcgym.ee\/en\/wp-json\/wp\/v2\/pages"}],"about":[{"href":"https:\/\/hcgym.ee\/en\/wp-json\/wp\/v2\/types\/page"}],"author":[{"embeddable":true,"href":"https:\/\/hcgym.ee\/en\/wp-json\/wp\/v2\/users\/1"}],"replies":[{"embeddable":true,"href":"https:\/\/hcgym.ee\/en\/wp-json\/wp\/v2\/comments?post=15651"}],"version-history":[{"count":4,"href":"https:\/\/hcgym.ee\/en\/wp-json\/wp\/v2\/pages\/15651\/revisions"}],"predecessor-version":[{"id":15666,"href":"https:\/\/hcgym.ee\/en\/wp-json\/wp\/v2\/pages\/15651\/revisions\/15666"}],"wp:attachment":[{"href":"https:\/\/hcgym.ee\/en\/wp-json\/wp\/v2\/media?parent=15651"}],"curies":[{"name":"wp","href":"https:\/\/api.w.org\/{rel}","templated":true}]}}